{"id":90,"date":"2012-12-01T21:46:41","date_gmt":"2012-12-01T19:46:41","guid":{"rendered":"http:\/\/server1.nidelius.com\/?page_id=90"},"modified":"2021-05-25T20:17:07","modified_gmt":"2021-05-25T19:17:07","slug":"kontakt-de","status":"publish","type":"page","link":"http:\/\/www.nidelius.com\/?page_id=90&lang=de","title":{"rendered":"Kontakt"},"content":{"rendered":"<p>&nbsp;<\/p>\n<p>Kontakt: Barbro Nidelius<br \/>\nHandy: +46705486270<br \/>\nE-mail: <a href=\"javascript:DeCryptX('2d2c2t2d3u3r201o0i0d3h2n2k2w3v0@1h3p3d2k2n312e2q3p')\">ba&#114;&#98;ro.ni&#100;&#101;l&#105;us&#64;&#103;&#109;&#97;&#105;l&#46;&#99;om<\/a><\/p>\n<table style=\"border-color: FF0000; border-width: 5px;\" border=\"0\" cellpadding=\"7\">\n<tbody>\n<tr>\n<th><strong>Besuchen Adresse<\/strong><\/th>\n<th><strong>Postanschrift Address<\/strong><\/th>\n<\/tr>\n<tr>\n<td>B\u00f6skestorpsv\u00e4gen 104<br \/>\n269 92 B\u00c5STAD<br \/>\nSWEDEN<\/td>\n<td>Hindb\u00e4rsv\u00e4gen 14<br \/>\n269 35 B\u00c5STAD<br \/>\nSWEDEN<\/td>\n<\/tr>\n<\/tbody>\n<\/table>\n<div>\n<iframe loading=\"lazy\" width=\"640\" height=\"480\" frameborder=\"0\" scrolling=\"no\" marginheight=\"0\" marginwidth=\"0\" src=\"https:\/\/maps.google.se\/maps?f=q&amp;source=s_q&amp;hl=en&amp;geocode=&amp;q=B%C3%B6skestorpsv%C3%A4gen+116,+B%C3%A5stad&amp;aq=0&amp;oq=B%C3%B6skestorpsv%C3%A4gen+116,+B%C3%A5stad&amp;sll=56.384707,12.818817&amp;sspn=0.008446,0.022724&amp;t=h&amp;g=B%C3%B6skestorpsv%C3%A4gen+104,+B%C3%A5stad&amp;ie=UTF8&amp;hq=&amp;hnear=B%C3%B6skestorpsv%C3%A4gen+116,+269+92+B%C3%A5stad&amp;ll=56.409343,12.828598&amp;spn=0.182348,0.439453&amp;z=11&amp;iwloc=A&amp;output=embed\"><\/iframe><br \/><small><a href=\"https:\/\/maps.google.se\/maps?f=q&amp;source=embed&amp;hl=en&amp;geocode=&amp;q=B%C3%B6skestorpsv%C3%A4gen+116,+B%C3%A5stad&amp;aq=0&amp;oq=B%C3%B6skestorpsv%C3%A4gen+116,+B%C3%A5stad&amp;sll=56.384707,12.818817&amp;sspn=0.008446,0.022724&amp;t=h&amp;g=B%C3%B6skestorpsv%C3%A4gen+104,+B%C3%A5stad&amp;ie=UTF8&amp;hq=&amp;hnear=B%C3%B6skestorpsv%C3%A4gen+116,+269+92+B%C3%A5stad&amp;ll=56.409343,12.828598&amp;spn=0.182348,0.439453&amp;z=11&amp;iwloc=A\" style=\"color:#0000FF;text-align:left\">View Larger Map<\/a><\/small>\n<\/div>\n<p><strong>Anfahrt:<\/strong><br \/>\n<em>Von Norden<\/em><br \/>\nBiegen Sie von der E6 in Richtung B\u00c5STAD ab. In B\u00e5stad fahren Sie auf der alten \u00c4ngelholmsstrasse in Richtung F\u00f6rsl\u00f6v. Fahren Sie \u00fcber den Bahn\u00fcbergang die H\u00fcgelkette hinauf, hinab und unter einem \u00dcbergang hindurch. Biegen Sie links in Richtung B\u00f6skestorp und dem Haussymbol ein. Fahren Sie ca. 1 km auf diesem Weg, die H\u00e4user liegen auf der rechten Seite.<br \/>\n<em>Von S\u00fcden<\/em><br \/>\nVon \u00c4ngelholm in Richtung Torekov. Beim Kreisel bei \u00c5kag\u00e5rdens GK fahren Sie in Richtung F\u00f6rsl\u00f6v, biegen Sie den ersten Weg nach links in Richtung B\u00e5stad, den anderen Weg nach rechts in Richtung B\u00f6skestorp und Haussymbol. Fahren Sie ca. 1 km auf diesem Weg, die H\u00e4user liegen auf der rechten Seite.<\/p>\n","protected":false},"excerpt":{"rendered":"<p>&nbsp; Kontakt: Barbro Nidelius Handy: +46705486270 E-mail: ba&#114;&#98;ro&#46;&#110;&#105;d&#101;&#108;&#105;us&#64;&#103;&#109;ai&#108;&#46;c&#111;&#109; Besuchen Adresse Postanschrift Address B\u00f6skestorpsv\u00e4gen 104 269 92 B\u00c5STAD SWEDEN Hindb\u00e4rsv\u00e4gen 14 269 35 B\u00c5STAD SWEDEN View Larger Map Anfahrt: Von Norden Biegen Sie von der E6 in Richtung B\u00c5STAD ab. In B\u00e5stad fahren Sie auf der alten \u00c4ngelholmsstrasse in Richtung F\u00f6rsl\u00f6v. Fahren Sie \u00fcber den Bahn\u00fcbergang die H\u00fcgelkette hinauf, hinab und unter einem \u00dcbergang hindurch. Biegen Sie links in Richtung B\u00f6skestorp und dem Haussymbol ein. Fahren Sie ca. 1 km auf diesem Weg, die H\u00e4user liegen auf der rechten Seite. Von S\u00fcden Von \u00c4ngelholm in Richtung Torekov. Beim Kreisel bei \u00c5kag\u00e5rdens GK fahren Sie in Richtung F\u00f6rsl\u00f6v, biegen Sie den ersten Weg nach links in Richtung B\u00e5stad, den anderen Weg nach rechts in Richtung B\u00f6skestorp und Haussymbol. Fahren Sie ca. 1 km auf diesem Weg, die H\u00e4user liegen auf der rechten Seite.<\/p>\n","protected":false},"author":1,"featured_media":0,"parent":0,"menu_order":0,"comment_status":"closed","ping_status":"open","template":"","meta":[],"_links":{"self":[{"href":"http:\/\/www.nidelius.com\/index.php?rest_route=\/wp\/v2\/pages\/90"}],"collection":[{"href":"http:\/\/www.nidelius.com\/index.php?rest_route=\/wp\/v2\/pages"}],"about":[{"href":"http:\/\/www.nidelius.com\/index.php?rest_route=\/wp\/v2\/types\/page"}],"author":[{"embeddable":true,"href":"http:\/\/www.nidelius.com\/index.php?rest_route=\/wp\/v2\/users\/1"}],"replies":[{"embeddable":true,"href":"http:\/\/www.nidelius.com\/index.php?rest_route=%2Fwp%2Fv2%2Fcomments&post=90"}],"version-history":[{"count":10,"href":"http:\/\/www.nidelius.com\/index.php?rest_route=\/wp\/v2\/pages\/90\/revisions"}],"predecessor-version":[{"id":330,"href":"http:\/\/www.nidelius.com\/index.php?rest_route=\/wp\/v2\/pages\/90\/revisions\/330"}],"wp:attachment":[{"href":"http:\/\/www.nidelius.com\/index.php?rest_route=%2Fwp%2Fv2%2Fmedia&parent=90"}],"curies":[{"name":"wp","href":"https:\/\/api.w.org\/{rel}","templated":true}]}}