{"id":88,"date":"2012-12-01T21:45:50","date_gmt":"2012-12-01T19:45:50","guid":{"rendered":"http:\/\/server1.nidelius.com\/?page_id=88"},"modified":"2024-08-08T08:17:10","modified_gmt":"2024-08-08T07:17:10","slug":"information-de","status":"publish","type":"page","link":"http:\/\/www.nidelius.com\/?page_id=88&lang=de","title":{"rendered":"Information"},"content":{"rendered":"<h3><strong>B\u00f6skestorps Ranch<\/strong><\/h3>\n<p>B\u00f6skestorp stugby sind vier H\u00fctten \u00e0 37 Quadratmeter, die auf \u201cHallands\u00e5sens (eine Anh\u00f6he)\u201c liegen. Die H\u00e4user sind behindertenfreundlich und verf\u00fcgen \u00fcber 4 Betten, 2 Extrabetten, 2 Zimmern, K\u00fcche und Veranda mit Gartenm\u00f6beln. Es gibt ein Schlafzimmer mit 2 Einzelbetten und ein Schlafzimmer mit Etagenbett. Im Wohnzimmer gibt es ein Bettsofa mit Platz f\u00fcr 2 Personen. Die K\u00fcche hat Herd, Backofen, K\u00fchl- und Gefrierschrank, Kaffeemaschine, vollst\u00e4ndiges K\u00fccheninventar, Fernsehen, Dusche\/WC. Im Anschluss an das Haus finden Sie Waschmaschine, W\u00e4schetrockner, Grill f\u00fcr draussen und einen Spielplatz. Von den H\u00fctten hat man eine wundersch\u00f6ne Aussicht \u00fcber das Meer und \u201cKullen\u201c. Die H\u00fctten liegen nahe am Meer mit langen sch\u00f6nen Sandstr\u00e4nden. Ca. 7 Kilometer nach B\u00e5stad, ungef\u00e4hr 14 Kilometer nach Torekov und 18 Kilometer nach \u00c4ngelholm. Mit dieser zentralen Lage ist B\u00f6skestorp genau der richtige Startpunkt um die &#8220;Bj\u00e4re&#8221;-Halbinsel (Bj\u00e4rehalv\u00f6n) zu erkunden. Es gibt viele Golfpl\u00e4tze und hier die Links zu den nahe gelegensten<\/p>\n<p>B\u00f6skestorp stugby liegen auch in der N\u00e4he des s\u00fcdlichsten Ski-Gebiets in Schweden <a href=\"https:\/\/vallasen.se\/\">Vall\u00e5sen<\/a> und <a href=\"https:\/\/kungsbygget.com\/\">Kungsbygget<\/a>, eine Sommer-Rodelbahn, Mountain-Bike und Abenteuer Park. F\u00fcr mehr Informationen zu Kungsbygget bitte dem Link folgen. Die H\u00fctten liegen direkt am Wanderweg \u201e<a href=\"https:\/\/skaneleden.se\/de#googtrans(en|de)\">Sk\u00e5neleden<\/a>\u201c der die M\u00f6glichkeit bietet in der wundersch\u00f6nen Landschaft zu wandern. In Torekov k\u00f6nnen Sie die F\u00e4hre zu der Insel\u201c Hallandsv\u00e4der\u00f6\u201c nehmen, die ein sehr beliebtes und bekantes Naturreservat ist.<\/p>\n<table>\n<tbody>\n<tr>\n<th colspan=\"2\">\n<h3>Golf spielen?<\/h3>\n<\/th>\n<\/tr>\n<tr>\n<td>Die n\u00e4chsten Golfpl\u00e4tze innerhalb der Gemeinde werden Sie etwa 5-9 km entfernt finden:<\/p>\n<ul>\n<li><a href=\"http:\/\/www.bgk.se\/\" target=\"_blank\" rel=\"noopener\">B\u00e5stad GK<\/a><\/li>\n<li><a href=\"http:\/\/www.akgk.se\/\" target=\"_blank\" rel=\"noopener\">\u00c5kag\u00e5rdens GK<\/a><\/li>\n<li><a href=\"http:\/\/www.bjaregolfklubb.se\/\" target=\"_blank\" rel=\"noopener\">Bj\u00e4re GK<\/a><\/li>\n<li><a href=\"http:\/\/www.golf.se\/golfklubbar\/sonnertorpsgk\/\" target=\"_blank\" rel=\"noopener\">S\u00f6nnertorps GK<\/a><\/li>\n<\/ul>\n<p>Weiter weg in B\u00e5stad Gemeinde etwa 14 km, Torekov:<\/p>\n<ul>\n<li><a href=\"http:\/\/www.togk.se\/extra\/pod\/\" target=\"_blank\" rel=\"noopener\">Torekovs GK<\/a><\/li>\n<li><a href=\"http:\/\/www.appelgarden.se\/\" target=\"_blank\" rel=\"noopener\">\u00c4ppelg\u00e5rdens GK<\/a><\/li>\n<\/ul>\n<div>Benachbarte Gemeinden 18 km &#8211; 40 km, \u00c4ngelholm, Laholm, H\u00f6gan\u00e4s:<\/div>\n<ul>\n<li><a href=\"http:\/\/www.angelholmsgk.se\/extra\/pod\/\" target=\"_blank\" rel=\"noopener\">\u00c4ngelholms GK<\/a><\/li>\n<li><a title=\"Skogaby Golfklubb\" href=\"http:\/\/www.skogabygk.se\">Skogaby GK<\/a><\/li>\n<li><a title=\"Laholms GK\" href=\"http:\/\/www.laholmsgk.se\/\">Laholms GK<\/a><\/li>\n<li><a title=\"S:t Arilds Golfklubb\" href=\"http:\/\/www.starild.se\">S:t Arilds GK<\/a><\/li>\n<li><a title=\"Allerum Golfklubb\" href=\"http:\/\/www.allerumgk.nu\/\">Allerums GK<\/a><\/li>\n<li><a title=\"Lydinge Golfklubb\" href=\"http:\/\/www.lydingegk.se\/\">Lydinge GK<\/a><\/li>\n<\/ul>\n<\/td>\n<td><iframe loading=\"lazy\" src=\"https:\/\/maps.google.se\/maps\/ms?msa=0&amp;msid=214238738941205891642.0004ce886727e5e8a7e37&amp;hl=sv&amp;ie=UTF8&amp;t=m&amp;source=embed&amp;ll=56.529199,12.843018&amp;spn=0.530173,1.098633&amp;z=9&amp;iwloc=0004ce88714e0386a715e&amp;output=embed\" width=\"400\" height=\"350\" frameborder=\"0\" marginwidth=\"0\" marginheight=\"0\" scrolling=\"no\"><\/iframe><br \/>\n<small>Visa <a style=\"color: #000000; text-align: left;\" href=\"https:\/\/maps.google.se\/maps\/ms?msa=0&amp;msid=214238738941205891642.0004ce886727e5e8a7e37&amp;hl=sv&amp;ie=UTF8&amp;t=m&amp;source=embed&amp;ll=56.529199,12.843018&amp;spn=0.530173,1.098633&amp;z=9&amp;iwloc=0004ce88714e0386a715e\">Golfbanor n\u00e4ra B\u00f6skestorp stugby<\/a> p\u00e5 en st\u00f6rre karta<\/small><\/td>\n<\/tr>\n<\/tbody>\n<\/table>\n<p>B\u00f6skestorp Ferienh\u00e4user sind der ideale Sommer-und Winterquartier!<\/p>\n<p>Unsere Anlage ist ganzj\u00e4hrig ge\u00f6ffnet!<\/p>\n<p><strong>Richtungen finden Sie unter <a title=\"Kontakt\" href=\"http:\/\/server1.nidelius.com\/de\/kontakt-de\/\">Kontakt<\/a><\/strong><\/p>\n","protected":false},"excerpt":{"rendered":"<p>B\u00f6skestorps Ranch B\u00f6skestorp stugby sind vier H\u00fctten \u00e0 37 Quadratmeter, die auf \u201cHallands\u00e5sens (eine Anh\u00f6he)\u201c liegen. Die H\u00e4user sind behindertenfreundlich und verf\u00fcgen \u00fcber 4 Betten, 2 Extrabetten, 2 Zimmern, K\u00fcche und Veranda mit Gartenm\u00f6beln. Es gibt ein Schlafzimmer mit 2 Einzelbetten und ein Schlafzimmer mit Etagenbett. Im Wohnzimmer gibt es ein Bettsofa mit Platz f\u00fcr 2 Personen. Die K\u00fcche hat Herd, Backofen, K\u00fchl- und Gefrierschrank, Kaffeemaschine, vollst\u00e4ndiges K\u00fccheninventar, Fernsehen, Dusche\/WC. Im Anschluss an das Haus finden Sie Waschmaschine, W\u00e4schetrockner, Grill f\u00fcr draussen und einen Spielplatz. Von den H\u00fctten hat man eine wundersch\u00f6ne Aussicht \u00fcber das Meer und \u201cKullen\u201c. Die H\u00fctten liegen nahe am Meer mit langen sch\u00f6nen Sandstr\u00e4nden. Ca. 7 Kilometer nach B\u00e5stad, ungef\u00e4hr 14 Kilometer nach Torekov und 18 Kilometer nach \u00c4ngelholm. Mit dieser zentralen Lage ist B\u00f6skestorp genau der richtige Startpunkt um die &#8220;Bj\u00e4re&#8221;-Halbinsel (Bj\u00e4rehalv\u00f6n) zu erkunden. Es gibt viele Golfpl\u00e4tze und hier die Links zu den nahe gelegensten B\u00f6skestorp stugby liegen auch in der N\u00e4he des s\u00fcdlichsten Ski-Gebiets in Schweden Vall\u00e5sen und Kungsbygget, eine Sommer-Rodelbahn, Mountain-Bike und Abenteuer Park. F\u00fcr mehr Informationen zu Kungsbygget bitte dem Link folgen. Die H\u00fctten liegen direkt am Wanderweg \u201eSk\u00e5neleden\u201c der die M\u00f6glichkeit bietet in der wundersch\u00f6nen Landschaft zu wandern. In Torekov k\u00f6nnen Sie die F\u00e4hre zu der Insel\u201c Hallandsv\u00e4der\u00f6\u201c nehmen, die ein sehr beliebtes und bekantes Naturreservat ist. Golf spielen? Die n\u00e4chsten Golfpl\u00e4tze innerhalb der Gemeinde werden Sie etwa 5-9 km entfernt finden: B\u00e5stad GK \u00c5kag\u00e5rdens GK Bj\u00e4re GK S\u00f6nnertorps GK Weiter weg in B\u00e5stad Gemeinde etwa 14 km, Torekov: Torekovs <a class=\"read-more\" href=\"http:\/\/www.nidelius.com\/?page_id=88&#038;lang=de\">Continue Reading &#8594;<\/a><\/p>\n","protected":false},"author":1,"featured_media":0,"parent":0,"menu_order":0,"comment_status":"open","ping_status":"open","template":"","meta":[],"_links":{"self":[{"href":"http:\/\/www.nidelius.com\/index.php?rest_route=\/wp\/v2\/pages\/88"}],"collection":[{"href":"http:\/\/www.nidelius.com\/index.php?rest_route=\/wp\/v2\/pages"}],"about":[{"href":"http:\/\/www.nidelius.com\/index.php?rest_route=\/wp\/v2\/types\/page"}],"author":[{"embeddable":true,"href":"http:\/\/www.nidelius.com\/index.php?rest_route=\/wp\/v2\/users\/1"}],"replies":[{"embeddable":true,"href":"http:\/\/www.nidelius.com\/index.php?rest_route=%2Fwp%2Fv2%2Fcomments&post=88"}],"version-history":[{"count":6,"href":"http:\/\/www.nidelius.com\/index.php?rest_route=\/wp\/v2\/pages\/88\/revisions"}],"predecessor-version":[{"id":369,"href":"http:\/\/www.nidelius.com\/index.php?rest_route=\/wp\/v2\/pages\/88\/revisions\/369"}],"wp:attachment":[{"href":"http:\/\/www.nidelius.com\/index.php?rest_route=%2Fwp%2Fv2%2Fmedia&parent=88"}],"curies":[{"name":"wp","href":"https:\/\/api.w.org\/{rel}","templated":true}]}}