{"id":7,"date":"2012-05-19T19:41:15","date_gmt":"2012-05-19T17:41:15","guid":{"rendered":"http:\/\/192.168.0.20\/boskestorp.info.se\/?page_id=7"},"modified":"2024-08-08T08:13:54","modified_gmt":"2024-08-08T07:13:54","slug":"information","status":"publish","type":"page","link":"http:\/\/www.nidelius.com\/?page_id=7&lang=sv","title":{"rendered":"Information"},"content":{"rendered":"<h3><strong>B\u00f6skestorp Ranch<\/strong><\/h3>\n<p style=\"text-align: left;\">B\u00f6skestorp stugby, \u00e4r en liten trevlig stugby best\u00e5ende av fyra stugor\u00a0bel\u00e4gna\u00a0p\u00e5 hallands\u00e5sens sluttning med vacker utsikt \u00f6ver havet.<\/p>\n<p>Stugorna \u00e4r p\u00e5 37 kvm, 2 rum och k\u00f6k. Sovrummet har tv\u00e5 enkels\u00e4ngar, en v\u00e5ningss\u00e4ng och i allrummet finns en b\u00e4ddsoffa med plats f\u00f6r 2 personer. I varje stuga finns TV, Dusch och WC.\u00a0K\u00f6ket \u00e4r utrustat med en spis, ugn, kyl\/frys, kaffebryggare och diverse k\u00f6ksredskap.\u00a0Samtliga stugor \u00e4r handikappv\u00e4nliga. I anslutning till stugorna finns \u00e4ven tv\u00e4ttmaskin, torktumlare och utomhusgrill om det s\u00e5 \u00f6nskas.<\/p>\n<div>Precis utanf\u00f6r d\u00f6rren l\u00f6per\u00a0Sk\u00e5neleden med\u00a0de stora vidderna av natur och som stugg\u00e4st kan du knappast komma mycket n\u00e4rmare naturen \u00e4n s\u00e5 h\u00e4r.\u00a0H\u00e4r upplever du den speciella atmosf\u00e4r som karakt\u00e4riserar och k\u00e4nnetecknar milj\u00f6n i omr\u00e5det.<\/div>\n<p>I n\u00e4rheten finns bl.a. mountain bike, \u00e4ventyrs och skidanl\u00e4ggningar, <a href=\"http:\/\/www.vallasen.se\/\" target=\"_blank\" rel=\"noopener\">Vall\u00e5sen<\/a>\u00a0och\u00a0<a href=\"https:\/\/kungsbygget.com\/\">Kungsbygget<\/a> som \u00e4ven har rodel p\u00e5 sommaren.<br \/>\nAtt\u00a0rekommendera \u00e4r en h\u00e4rlig sommar utflykt med b\u00e5ten fr\u00e5n hamnen i Torekov \u00f6ver till Hallandsv\u00e4der\u00f6, som \u00e4r ett v\u00e4lk\u00e4nt naturreservat.<\/p>\n<table>\n<tbody>\n<tr>\n<th colspan=\"2\">\n<h3>\u00c4r golf av intresse?<\/h3>\n<\/th>\n<\/tr>\n<tr>\n<td colspan=\"2\">N\u00e4rmaste golfbanorna inom kommunen finner du ca 5-9 km bort:<\/p>\n<ul>\n<li><a href=\"http:\/\/www.bgk.se\/\" target=\"_blank\" rel=\"noopener\">B\u00e5stad GK<\/a><\/li>\n<li><a href=\"http:\/\/www.akgk.se\/\" target=\"_blank\" rel=\"noopener\">\u00c5kag\u00e5rdens GK<\/a><\/li>\n<li><a href=\"http:\/\/www.bjaregolfklubb.se\/\" target=\"_blank\" rel=\"noopener\">Bj\u00e4re GK<\/a><\/li>\n<li><a href=\"http:\/\/www.golf.se\/golfklubbar\/sonnertorpsgk\/\" target=\"_blank\" rel=\"noopener\">S\u00f6nnertorps GK<\/a><\/li>\n<\/ul>\n<p>L\u00e4ngre bort i B\u00e5stad kommun ca 14 km, Torekov:<\/p>\n<ul>\n<li><a href=\"http:\/\/www.togk.se\/extra\/pod\/\" target=\"_blank\" rel=\"noopener\">Torekovs GK<\/a><\/li>\n<li><a href=\"http:\/\/www.appelgarden.se\/\" target=\"_blank\" rel=\"noopener\">\u00c4ppelg\u00e5rdens GK<\/a><\/li>\n<\/ul>\n<div>Grannkommunerna 18 km &#8211; 40 km, \u00c4ngelholm, Laholm, H\u00f6gan\u00e4s:<\/div>\n<ul>\n<li><a href=\"http:\/\/www.angelholmsgk.se\/extra\/pod\/\" target=\"_blank\" rel=\"noopener\">\u00c4ngelholms GK<\/a><\/li>\n<li><a title=\"Skogaby Golfklubb\" href=\"http:\/\/www.skogabygk.se\">Skogaby GK<\/a><\/li>\n<li><a title=\"Laholms GK\" href=\"http:\/\/www.laholmsgk.se\/\">Laholms GK<\/a><\/li>\n<li><a title=\"S:t Arilds Golfklubb\" href=\"http:\/\/www.starild.se\">S:t Arilds GK<\/a><\/li>\n<li><a title=\"Allerum Golfklubb\" href=\"http:\/\/www.allerumgk.nu\/\">Allerums GK<\/a><\/li>\n<li><a title=\"Lydinge Golfklubb\" href=\"http:\/\/www.lydingegk.se\/\">Lydinge GK<\/a><\/li>\n<\/ul>\n<\/td>\n<\/tr>\n<tr>\n<td colspan=\"2\"><iframe loading=\"lazy\" src=\"https:\/\/maps.google.se\/maps\/ms?msa=0&amp;msid=214238738941205891642.0004ce886727e5e8a7e37&amp;hl=sv&amp;ie=UTF8&amp;t=m&amp;source=embed&amp;ll=56.529199,12.843018&amp;spn=0.530173,1.098633&amp;z=9&amp;iwloc=0004ce88714e0386a715e&amp;output=embed\" width=\"95%\" height=\"350\" frameborder=\"0\" marginwidth=\"0\" marginheight=\"0\" scrolling=\"no\"><\/iframe><br \/>\n<small>Visa <a style=\"color: #000000; text-align: left;\" href=\"https:\/\/maps.google.se\/maps\/ms?msa=0&amp;msid=214238738941205891642.0004ce886727e5e8a7e37&amp;hl=sv&amp;ie=UTF8&amp;t=m&amp;source=embed&amp;ll=56.529199,12.843018&amp;spn=0.530173,1.098633&amp;z=9&amp;iwloc=0004ce88714e0386a715e\">Golfbanor n\u00e4ra B\u00f6skestorp stugby<\/a> p\u00e5 en st\u00f6rre karta<\/small><\/td>\n<\/tr>\n<\/tbody>\n<\/table>\n<p>B\u00f6skestorp stugby \u00e4r ert perfekta sommar och vinter boendet!<\/p>\n<p>V\u00e5r anl\u00e4ggning \u00e4r \u00f6ppen \u00e5ret runt!<\/p>\n<p><strong>V\u00e4gbeskrivning finner ni under <a title=\"Kontakt\" href=\"http:\/\/server1.nidelius.com\/sv\/kontakt\/\">Kontakt<\/a><\/strong><\/p>\n","protected":false},"excerpt":{"rendered":"<p>B\u00f6skestorp Ranch B\u00f6skestorp stugby, \u00e4r en liten trevlig stugby best\u00e5ende av fyra stugor\u00a0bel\u00e4gna\u00a0p\u00e5 hallands\u00e5sens sluttning med vacker utsikt \u00f6ver havet. Stugorna \u00e4r p\u00e5 37 kvm, 2 rum och k\u00f6k. Sovrummet har tv\u00e5 enkels\u00e4ngar, en v\u00e5ningss\u00e4ng och i allrummet finns en b\u00e4ddsoffa med plats f\u00f6r 2 personer. I varje stuga finns TV, Dusch och WC.\u00a0K\u00f6ket \u00e4r utrustat med en spis, ugn, kyl\/frys, kaffebryggare och diverse k\u00f6ksredskap.\u00a0Samtliga stugor \u00e4r handikappv\u00e4nliga. I anslutning till stugorna finns \u00e4ven tv\u00e4ttmaskin, torktumlare och utomhusgrill om det s\u00e5 \u00f6nskas. Precis utanf\u00f6r d\u00f6rren l\u00f6per\u00a0Sk\u00e5neleden med\u00a0de stora vidderna av natur och som stugg\u00e4st kan du knappast komma mycket n\u00e4rmare naturen \u00e4n s\u00e5 h\u00e4r.\u00a0H\u00e4r upplever du den speciella atmosf\u00e4r som karakt\u00e4riserar och k\u00e4nnetecknar milj\u00f6n i omr\u00e5det. I n\u00e4rheten finns bl.a. mountain bike, \u00e4ventyrs och skidanl\u00e4ggningar, Vall\u00e5sen\u00a0och\u00a0Kungsbygget som \u00e4ven har rodel p\u00e5 sommaren. Att\u00a0rekommendera \u00e4r en h\u00e4rlig sommar utflykt med b\u00e5ten fr\u00e5n hamnen i Torekov \u00f6ver till Hallandsv\u00e4der\u00f6, som \u00e4r ett v\u00e4lk\u00e4nt naturreservat. \u00c4r golf av intresse? N\u00e4rmaste golfbanorna inom kommunen finner du ca 5-9 km bort: B\u00e5stad GK \u00c5kag\u00e5rdens GK Bj\u00e4re GK S\u00f6nnertorps GK L\u00e4ngre bort i B\u00e5stad kommun ca 14 km, Torekov: Torekovs GK \u00c4ppelg\u00e5rdens GK Grannkommunerna 18 km &#8211; 40 km, \u00c4ngelholm, Laholm, H\u00f6gan\u00e4s: \u00c4ngelholms GK Skogaby GK Laholms GK S:t Arilds GK Allerums GK Lydinge GK Visa Golfbanor n\u00e4ra B\u00f6skestorp stugby p\u00e5 en st\u00f6rre karta B\u00f6skestorp stugby \u00e4r ert perfekta sommar och vinter boendet! V\u00e5r anl\u00e4ggning \u00e4r \u00f6ppen \u00e5ret runt! V\u00e4gbeskrivning finner ni under Kontakt<\/p>\n","protected":false},"author":1,"featured_media":0,"parent":0,"menu_order":0,"comment_status":"open","ping_status":"open","template":"","meta":[],"_links":{"self":[{"href":"http:\/\/www.nidelius.com\/index.php?rest_route=\/wp\/v2\/pages\/7"}],"collection":[{"href":"http:\/\/www.nidelius.com\/index.php?rest_route=\/wp\/v2\/pages"}],"about":[{"href":"http:\/\/www.nidelius.com\/index.php?rest_route=\/wp\/v2\/types\/page"}],"author":[{"embeddable":true,"href":"http:\/\/www.nidelius.com\/index.php?rest_route=\/wp\/v2\/users\/1"}],"replies":[{"embeddable":true,"href":"http:\/\/www.nidelius.com\/index.php?rest_route=%2Fwp%2Fv2%2Fcomments&post=7"}],"version-history":[{"count":27,"href":"http:\/\/www.nidelius.com\/index.php?rest_route=\/wp\/v2\/pages\/7\/revisions"}],"predecessor-version":[{"id":366,"href":"http:\/\/www.nidelius.com\/index.php?rest_route=\/wp\/v2\/pages\/7\/revisions\/366"}],"wp:attachment":[{"href":"http:\/\/www.nidelius.com\/index.php?rest_route=%2Fwp%2Fv2%2Fmedia&parent=7"}],"curies":[{"name":"wp","href":"https:\/\/api.w.org\/{rel}","templated":true}]}}