{"id":47,"date":"2012-11-12T22:12:34","date_gmt":"2012-11-12T20:12:34","guid":{"rendered":"http:\/\/server1.nidelius.com\/?page_id=47"},"modified":"2023-01-29T21:38:25","modified_gmt":"2023-01-29T20:38:25","slug":"bilder","status":"publish","type":"page","link":"http:\/\/www.nidelius.com\/?page_id=47&lang=sv","title":{"rendered":"Bilder"},"content":{"rendered":"\n<div class=\"is-layout-flex wp-container-5 wp-block-columns\">\n<div class=\"is-layout-flow wp-block-column\" style=\"flex-basis:100%\">\n<div class=\"is-layout-constrained wp-block-group\"><div class=\"wp-block-group__inner-container\">\n<figure class=\"is-layout-flex wp-block-gallery-1 wp-block-gallery has-nested-images columns-4 is-cropped\">\n<figure class=\"wp-block-image size-large\"><a href=\"http:\/\/boskestorp.se\/wp-content\/uploads\/2012\/11\/boskestorp_stuga_2.jpg\"><img decoding=\"async\" loading=\"lazy\" width=\"1024\" height=\"768\" src=\"http:\/\/boskestorp.se\/wp-content\/uploads\/2012\/11\/boskestorp_stuga_2-1024x768.jpg\" alt=\"B\u00f6skestorp stuga 2 sommar\" class=\"wp-image-116 colorbox-47\" srcset=\"http:\/\/www.nidelius.com\/wp-content\/uploads\/2012\/11\/boskestorp_stuga_2-1024x768.jpg 1024w, http:\/\/www.nidelius.com\/wp-content\/uploads\/2012\/11\/boskestorp_stuga_2-300x225.jpg 300w, http:\/\/www.nidelius.com\/wp-content\/uploads\/2012\/11\/boskestorp_stuga_2.jpg 1600w\" sizes=\"(max-width: 1024px) 100vw, 1024px\" \/><\/a><figcaption class=\"wp-element-caption\">B\u00f6skestorp stuga 2 sommarbild<\/figcaption><\/figure>\n\n\n\n<figure class=\"wp-block-image size-large\"><a href=\"http:\/\/boskestorp.se\/wp-content\/uploads\/2012\/11\/boskestorp_sovrum.jpg\"><img decoding=\"async\" loading=\"lazy\" width=\"1024\" height=\"768\" src=\"http:\/\/boskestorp.se\/wp-content\/uploads\/2012\/11\/boskestorp_sovrum-1024x768.jpg\" alt=\"Sovrum 2 med separata s\u00e4ngar B\u00f6skestorp\" class=\"wp-image-114 colorbox-47\" srcset=\"http:\/\/www.nidelius.com\/wp-content\/uploads\/2012\/11\/boskestorp_sovrum-1024x768.jpg 1024w, http:\/\/www.nidelius.com\/wp-content\/uploads\/2012\/11\/boskestorp_sovrum-300x224.jpg 300w\" sizes=\"(max-width: 1024px) 100vw, 1024px\" \/><\/a><figcaption class=\"wp-element-caption\">Sovrum 2 med separata s\u00e4ngar B\u00f6skestorp<\/figcaption><\/figure>\n\n\n\n<figure class=\"wp-block-image size-large\"><a href=\"http:\/\/boskestorp.se\/wp-content\/uploads\/2012\/11\/boskestorp_sovrum_vaningssang.jpg\"><img decoding=\"async\" loading=\"lazy\" width=\"768\" height=\"1024\" src=\"http:\/\/boskestorp.se\/wp-content\/uploads\/2012\/11\/boskestorp_sovrum_vaningssang-768x1024.jpg\" alt=\"Sovrum 2 med v\u00e5ningss\u00e4ng B\u00f6skestorp\" class=\"wp-image-115 colorbox-47\" srcset=\"http:\/\/www.nidelius.com\/wp-content\/uploads\/2012\/11\/boskestorp_sovrum_vaningssang-768x1024.jpg 768w, http:\/\/www.nidelius.com\/wp-content\/uploads\/2012\/11\/boskestorp_sovrum_vaningssang-224x300.jpg 224w, http:\/\/www.nidelius.com\/wp-content\/uploads\/2012\/11\/boskestorp_sovrum_vaningssang.jpg 1704w\" sizes=\"(max-width: 768px) 100vw, 768px\" \/><\/a><figcaption class=\"wp-element-caption\">Sovrum 2 med v\u00e5ningss\u00e4ng B\u00f6skestorp<\/figcaption><\/figure>\n\n\n\n<figure class=\"wp-block-image size-large\"><a href=\"http:\/\/boskestorp.se\/wp-content\/uploads\/2012\/11\/boskestorp_stuga_2_vinter.jpg\"><img decoding=\"async\" loading=\"lazy\" width=\"1024\" height=\"768\" src=\"http:\/\/boskestorp.se\/wp-content\/uploads\/2012\/11\/boskestorp_stuga_2_vinter-1024x768.jpg\" alt=\"B\u00f6skestorp stuga 2 p\u00e5 vintern\" class=\"wp-image-117 colorbox-47\" srcset=\"http:\/\/www.nidelius.com\/wp-content\/uploads\/2012\/11\/boskestorp_stuga_2_vinter-1024x768.jpg 1024w, http:\/\/www.nidelius.com\/wp-content\/uploads\/2012\/11\/boskestorp_stuga_2_vinter-300x224.jpg 300w\" sizes=\"(max-width: 1024px) 100vw, 1024px\" \/><\/a><figcaption class=\"wp-element-caption\">B\u00f6skestorp stuga 2 p\u00e5 vintern<\/figcaption><\/figure>\n\n\n\n<figure class=\"wp-block-image size-large\"><a href=\"http:\/\/boskestorp.se\/wp-content\/uploads\/2012\/11\/boskestorp_stuga_4.jpg\"><img decoding=\"async\" loading=\"lazy\" width=\"1024\" height=\"768\" src=\"http:\/\/boskestorp.se\/wp-content\/uploads\/2012\/11\/boskestorp_stuga_4-1024x768.jpg\" alt=\"\" class=\"wp-image-118 colorbox-47\" srcset=\"http:\/\/www.nidelius.com\/wp-content\/uploads\/2012\/11\/boskestorp_stuga_4-1024x768.jpg 1024w, http:\/\/www.nidelius.com\/wp-content\/uploads\/2012\/11\/boskestorp_stuga_4-300x224.jpg 300w\" sizes=\"(max-width: 1024px) 100vw, 1024px\" \/><\/a><figcaption class=\"wp-element-caption\">Utsikt fr\u00e5n stuga nummer 1<\/figcaption><\/figure>\n\n\n\n<figure class=\"wp-block-image size-large\"><a href=\"http:\/\/boskestorp.se\/wp-content\/uploads\/2012\/11\/boskestorp_stuga_4_solnedgang.jpg\"><img decoding=\"async\" loading=\"lazy\" width=\"1024\" height=\"768\" src=\"http:\/\/boskestorp.se\/wp-content\/uploads\/2012\/11\/boskestorp_stuga_4_solnedgang-1024x768.jpg\" alt=\"Solnedg\u00e5ng vid stuga 4 i B\u00f6skestorp\" class=\"wp-image-119 colorbox-47\" srcset=\"http:\/\/www.nidelius.com\/wp-content\/uploads\/2012\/11\/boskestorp_stuga_4_solnedgang-1024x768.jpg 1024w, http:\/\/www.nidelius.com\/wp-content\/uploads\/2012\/11\/boskestorp_stuga_4_solnedgang-300x224.jpg 300w\" sizes=\"(max-width: 1024px) 100vw, 1024px\" \/><\/a><figcaption class=\"wp-element-caption\">Solnedg\u00e5ng vid stuga 4 i B\u00f6skestorp<\/figcaption><\/figure>\n\n\n\n<figure class=\"wp-block-image size-large\"><a href=\"http:\/\/boskestorp.se\/wp-content\/uploads\/2012\/11\/matplats_boskestorp.jpg\"><img decoding=\"async\" loading=\"lazy\" width=\"1024\" height=\"768\" src=\"http:\/\/boskestorp.se\/wp-content\/uploads\/2012\/11\/matplats_boskestorp-1024x768.jpg\" alt=\"Matplats i k\u00f6ket stugorna B\u00f6skestorp B\u00e5stad\" class=\"wp-image-122 colorbox-47\" srcset=\"http:\/\/www.nidelius.com\/wp-content\/uploads\/2012\/11\/matplats_boskestorp-1024x768.jpg 1024w, http:\/\/www.nidelius.com\/wp-content\/uploads\/2012\/11\/matplats_boskestorp-300x224.jpg 300w\" sizes=\"(max-width: 1024px) 100vw, 1024px\" \/><\/a><figcaption class=\"wp-element-caption\">Matplats i k\u00f6ket stugorna B\u00f6skestorp B\u00e5stad<\/figcaption><\/figure>\n\n\n\n<figure class=\"wp-block-image size-large\"><a href=\"http:\/\/boskestorp.se\/wp-content\/uploads\/2012\/11\/omgivning_boskestorp.jpg\"><img decoding=\"async\" loading=\"lazy\" width=\"768\" height=\"1024\" src=\"http:\/\/boskestorp.se\/wp-content\/uploads\/2012\/11\/omgivning_boskestorp-768x1024.jpg\" alt=\"Omgivning kring stugorna B\u00f6skestorp\" class=\"wp-image-123 colorbox-47\" srcset=\"http:\/\/www.nidelius.com\/wp-content\/uploads\/2012\/11\/omgivning_boskestorp-768x1024.jpg 768w, http:\/\/www.nidelius.com\/wp-content\/uploads\/2012\/11\/omgivning_boskestorp-225x300.jpg 225w, http:\/\/www.nidelius.com\/wp-content\/uploads\/2012\/11\/omgivning_boskestorp.jpg 1200w\" sizes=\"(max-width: 768px) 100vw, 768px\" \/><\/a><figcaption class=\"wp-element-caption\">Omgivning kring stugorna B\u00f6skestorp<\/figcaption><\/figure>\n\n\n\n<figure class=\"wp-block-image size-large\"><a href=\"http:\/\/boskestorp.se\/wp-content\/uploads\/2012\/11\/pasklilja_boskestop.jpg\"><img decoding=\"async\" loading=\"lazy\" width=\"1024\" height=\"768\" src=\"http:\/\/boskestorp.se\/wp-content\/uploads\/2012\/11\/pasklilja_boskestop-1024x768.jpg\" alt=\"P\u00e5sklilja p\u00e5 B\u00f6skestorp\" class=\"wp-image-124 colorbox-47\" srcset=\"http:\/\/www.nidelius.com\/wp-content\/uploads\/2012\/11\/pasklilja_boskestop-1024x768.jpg 1024w, http:\/\/www.nidelius.com\/wp-content\/uploads\/2012\/11\/pasklilja_boskestop-300x224.jpg 300w\" sizes=\"(max-width: 1024px) 100vw, 1024px\" \/><\/a><figcaption class=\"wp-element-caption\">P\u00e5sklilja p\u00e5 B\u00f6skestorp<\/figcaption><\/figure>\n\n\n\n<figure class=\"wp-block-image size-large\"><a href=\"http:\/\/boskestorp.se\/wp-content\/uploads\/2012\/11\/boskestorp_kok_matplats_baddsoffa.jpg\"><img decoding=\"async\" loading=\"lazy\" width=\"1024\" height=\"768\" src=\"http:\/\/boskestorp.se\/wp-content\/uploads\/2012\/11\/boskestorp_kok_matplats_baddsoffa-1024x768.jpg\" alt=\"\" class=\"wp-image-113 colorbox-47\" srcset=\"http:\/\/www.nidelius.com\/wp-content\/uploads\/2012\/11\/boskestorp_kok_matplats_baddsoffa-1024x768.jpg 1024w, http:\/\/www.nidelius.com\/wp-content\/uploads\/2012\/11\/boskestorp_kok_matplats_baddsoffa-300x224.jpg 300w\" sizes=\"(max-width: 1024px) 100vw, 1024px\" \/><\/a><figcaption class=\"wp-element-caption\">B\u00f6skestorps k\u00f6k med matplats och b\u00e4ddsoffa<\/figcaption><\/figure>\n\n\n\n<figure class=\"wp-block-image size-large\"><a href=\"http:\/\/boskestorp.se\/wp-content\/uploads\/2012\/11\/kok_boskestorp_stugby.jpg\"><img decoding=\"async\" loading=\"lazy\" width=\"1024\" height=\"768\" src=\"http:\/\/boskestorp.se\/wp-content\/uploads\/2012\/11\/kok_boskestorp_stugby-1024x768.jpg\" alt=\"Fullt utrustat k\u00f6k i stugorna p\u00e5 B\u00f6skestorp\" class=\"wp-image-121 colorbox-47\" srcset=\"http:\/\/www.nidelius.com\/wp-content\/uploads\/2012\/11\/kok_boskestorp_stugby-1024x768.jpg 1024w, http:\/\/www.nidelius.com\/wp-content\/uploads\/2012\/11\/kok_boskestorp_stugby-300x224.jpg 300w\" sizes=\"(max-width: 1024px) 100vw, 1024px\" \/><\/a><figcaption class=\"wp-element-caption\">Fullt utrustat k\u00f6k i stugorna p\u00e5 B\u00f6skestorp<\/figcaption><\/figure>\n\n\n\n<figure class=\"wp-block-image size-large\"><a href=\"http:\/\/boskestorp.se\/wp-content\/uploads\/2012\/11\/utsikt_boskestorp.jpg\"><img decoding=\"async\" loading=\"lazy\" width=\"1024\" height=\"768\" src=\"http:\/\/boskestorp.se\/wp-content\/uploads\/2012\/11\/utsikt_boskestorp-1024x768.jpg\" alt=\"\" class=\"wp-image-125 colorbox-47\" srcset=\"http:\/\/www.nidelius.com\/wp-content\/uploads\/2012\/11\/utsikt_boskestorp-1024x768.jpg 1024w, http:\/\/www.nidelius.com\/wp-content\/uploads\/2012\/11\/utsikt_boskestorp-300x224.jpg 300w\" sizes=\"(max-width: 1024px) 100vw, 1024px\" \/><\/a><figcaption class=\"wp-element-caption\">Utsikt fr\u00e5n stugorna p\u00e5 B\u00f6skestorp<\/figcaption><\/figure>\n\n\n\n<figure class=\"wp-block-image size-large\"><a href=\"http:\/\/boskestorp.se\/wp-content\/uploads\/2012\/11\/boskestorp_stuga_4_vinter.jpg\"><img decoding=\"async\" loading=\"lazy\" width=\"1024\" height=\"768\" src=\"http:\/\/boskestorp.se\/wp-content\/uploads\/2012\/11\/boskestorp_stuga_4_vinter-1024x768.jpg\" alt=\"\" class=\"wp-image-120 colorbox-47\" srcset=\"http:\/\/www.nidelius.com\/wp-content\/uploads\/2012\/11\/boskestorp_stuga_4_vinter-1024x768.jpg 1024w, http:\/\/www.nidelius.com\/wp-content\/uploads\/2012\/11\/boskestorp_stuga_4_vinter-300x224.jpg 300w\" sizes=\"(max-width: 1024px) 100vw, 1024px\" \/><\/a><figcaption class=\"wp-element-caption\">Stuga 4 i vinterskepnad<\/figcaption><\/figure>\n<\/figure>\n<\/div><\/div>\n<\/div>\n<\/div>\n","protected":false},"excerpt":{"rendered":"","protected":false},"author":1,"featured_media":0,"parent":0,"menu_order":0,"comment_status":"closed","ping_status":"open","template":"","meta":[],"_links":{"self":[{"href":"http:\/\/www.nidelius.com\/index.php?rest_route=\/wp\/v2\/pages\/47"}],"collection":[{"href":"http:\/\/www.nidelius.com\/index.php?rest_route=\/wp\/v2\/pages"}],"about":[{"href":"http:\/\/www.nidelius.com\/index.php?rest_route=\/wp\/v2\/types\/page"}],"author":[{"embeddable":true,"href":"http:\/\/www.nidelius.com\/index.php?rest_route=\/wp\/v2\/users\/1"}],"replies":[{"embeddable":true,"href":"http:\/\/www.nidelius.com\/index.php?rest_route=%2Fwp%2Fv2%2Fcomments&post=47"}],"version-history":[{"count":10,"href":"http:\/\/www.nidelius.com\/index.php?rest_route=\/wp\/v2\/pages\/47\/revisions"}],"predecessor-version":[{"id":359,"href":"http:\/\/www.nidelius.com\/index.php?rest_route=\/wp\/v2\/pages\/47\/revisions\/359"}],"wp:attachment":[{"href":"http:\/\/www.nidelius.com\/index.php?rest_route=%2Fwp%2Fv2%2Fmedia&parent=47"}],"curies":[{"name":"wp","href":"https:\/\/api.w.org\/{rel}","templated":true}]}}