{"id":21,"date":"2012-05-20T20:40:27","date_gmt":"2012-05-20T18:40:27","guid":{"rendered":"http:\/\/server1.nidelius.com\/?page_id=21"},"modified":"2021-05-25T20:16:48","modified_gmt":"2021-05-25T19:16:48","slug":"kontakt","status":"publish","type":"page","link":"http:\/\/www.nidelius.com\/?page_id=21&lang=sv","title":{"rendered":"Kontakt"},"content":{"rendered":"<p>&nbsp;<\/p>\n<p>Kontakt: Barbro Nidelius<br \/>\nMob: +46705486270<br \/>\nE-mail: <a href=\"javascript:DeCryptX('0b3d0r1c0r0o1\/1o1j3g3h3o3l1v2u2B3j1n3d2k2n1\/0c0o0m')\">&#98;a&#114;bro&#46;n&#105;d&#101;liu&#115;&#64;&#103;&#109;&#97;&#105;l&#46;&#99;&#111;&#109;<\/a><\/p>\n<table style=\"border-color: FF0000; border-width: 5px;\" border=\"0\" cellpadding=\"7\">\n<tbody>\n<tr>\n<th><strong>Bes\u00f6ksadress<\/strong><\/th>\n<th><strong>Postadress<\/strong><\/th>\n<\/tr>\n<tr>\n<td>B\u00f6skestorpsv\u00e4gen 104<br \/>\n269 92 B\u00c5STAD<br \/>\nSWEDEN<\/td>\n<td>Hindb\u00e4rsv\u00e4gen 14<br \/>\n269 35 B\u00c5STAD<br \/>\nSWEDEN<\/td>\n<\/tr>\n<\/tbody>\n<\/table>\n<p><iframe loading=\"lazy\" width=\"640\" height=\"480\" frameborder=\"0\" scrolling=\"no\" marginheight=\"0\" marginwidth=\"0\" src=\"https:\/\/maps.google.se\/maps?f=q&amp;source=s_q&amp;hl=en&amp;geocode=&amp;q=B%C3%B6skestorpsv%C3%A4gen+116,+B%C3%A5stad&amp;aq=0&amp;oq=B%C3%B6skestorpsv%C3%A4gen+116,+B%C3%A5stad&amp;sll=56.384707,12.818817&amp;sspn=0.008446,0.022724&amp;t=h&amp;g=B%C3%B6skestorpsv%C3%A4gen+104,+B%C3%A5stad&amp;ie=UTF8&amp;hq=&amp;hnear=B%C3%B6skestorpsv%C3%A4gen+116,+269+92+B%C3%A5stad&amp;ll=56.409343,12.828598&amp;spn=0.182348,0.439453&amp;z=11&amp;iwloc=A&amp;output=embed\"><\/iframe><br \/><small><a href=\"https:\/\/maps.google.se\/maps?f=q&amp;source=embed&amp;hl=en&amp;geocode=&amp;q=B%C3%B6skestorpsv%C3%A4gen+116,+B%C3%A5stad&amp;aq=0&amp;oq=B%C3%B6skestorpsv%C3%A4gen+116,+B%C3%A5stad&amp;sll=56.384707,12.818817&amp;sspn=0.008446,0.022724&amp;t=h&amp;g=B%C3%B6skestorpsv%C3%A4gen+104,+B%C3%A5stad&amp;ie=UTF8&amp;hq=&amp;hnear=B%C3%B6skestorpsv%C3%A4gen+116,+269+92+B%C3%A5stad&amp;ll=56.409343,12.828598&amp;spn=0.182348,0.439453&amp;z=11&amp;iwloc=A\" style=\"color:#0000FF;text-align:left\">Visa st\u00f6rre karta<\/a><\/small><\/p>\n<p><strong>V\u00e4gbeskrivning:<\/strong><br \/>\nSv\u00e4ng av E6 mot B\u00c5STAD. V\u00e4l i B\u00e5stad f\u00f6lj skyltning mot \u00c4ngelholm\/F\u00f6rsl\u00f6v p\u00e5 gamla \u00c4ngelholmsv\u00e4gen. Forts\u00e4tt \u00f6ver j\u00e4rnv\u00e4gs\u00f6verg\u00e5ngen upp f\u00f6r \u00e5sen, ner f\u00f6r \u00e5sen och under en viadukt. Sv\u00e4ng v\u00e4nster mot B\u00f6skestorp och stugsymbol. K\u00f6r ca 1km p\u00e5 denna v\u00e4g, stugorna ligger p\u00e5 h\u00f6ger sida.<\/p>\n<p>K\u00f6r fr\u00e5n \u00c4ngelholm mot Torekov i rondellen vid \u00c5kag\u00e5rdens GK k\u00f6r mot F\u00f6rsl\u00f6v, sv\u00e4ng f\u00f6rsta v\u00e4gen v\u00e4nster mot B\u00e5stad, sv\u00e4ng andra v\u00e4gen h\u00f6ger mot B\u00f6skestorp och stugsymbol. K\u00f6r ca 1km p\u00e5 denna v\u00e4g, stugorna ligger p\u00e5 h\u00f6ger sida.<\/p>\n","protected":false},"excerpt":{"rendered":"<p>&nbsp; Kontakt: Barbro Nidelius Mob: +46705486270 E-mail: &#98;&#97;&#114;bro&#46;n&#105;del&#105;&#117;s&#64;g&#109;a&#105;&#108;&#46;co&#109; Bes\u00f6ksadress Postadress B\u00f6skestorpsv\u00e4gen 104 269 92 B\u00c5STAD SWEDEN Hindb\u00e4rsv\u00e4gen 14 269 35 B\u00c5STAD SWEDEN Visa st\u00f6rre karta V\u00e4gbeskrivning: Sv\u00e4ng av E6 mot B\u00c5STAD. V\u00e4l i B\u00e5stad f\u00f6lj skyltning mot \u00c4ngelholm\/F\u00f6rsl\u00f6v p\u00e5 gamla \u00c4ngelholmsv\u00e4gen. Forts\u00e4tt \u00f6ver j\u00e4rnv\u00e4gs\u00f6verg\u00e5ngen upp f\u00f6r \u00e5sen, ner f\u00f6r \u00e5sen och under en viadukt. Sv\u00e4ng v\u00e4nster mot B\u00f6skestorp och stugsymbol. K\u00f6r ca 1km p\u00e5 denna v\u00e4g, stugorna ligger p\u00e5 h\u00f6ger sida. K\u00f6r fr\u00e5n \u00c4ngelholm mot Torekov i rondellen vid \u00c5kag\u00e5rdens GK k\u00f6r mot F\u00f6rsl\u00f6v, sv\u00e4ng f\u00f6rsta v\u00e4gen v\u00e4nster mot B\u00e5stad, sv\u00e4ng andra v\u00e4gen h\u00f6ger mot B\u00f6skestorp och stugsymbol. K\u00f6r ca 1km p\u00e5 denna v\u00e4g, stugorna ligger p\u00e5 h\u00f6ger sida.<\/p>\n","protected":false},"author":1,"featured_media":0,"parent":0,"menu_order":0,"comment_status":"closed","ping_status":"open","template":"","meta":[],"_links":{"self":[{"href":"http:\/\/www.nidelius.com\/index.php?rest_route=\/wp\/v2\/pages\/21"}],"collection":[{"href":"http:\/\/www.nidelius.com\/index.php?rest_route=\/wp\/v2\/pages"}],"about":[{"href":"http:\/\/www.nidelius.com\/index.php?rest_route=\/wp\/v2\/types\/page"}],"author":[{"embeddable":true,"href":"http:\/\/www.nidelius.com\/index.php?rest_route=\/wp\/v2\/users\/1"}],"replies":[{"embeddable":true,"href":"http:\/\/www.nidelius.com\/index.php?rest_route=%2Fwp%2Fv2%2Fcomments&post=21"}],"version-history":[{"count":16,"href":"http:\/\/www.nidelius.com\/index.php?rest_route=\/wp\/v2\/pages\/21\/revisions"}],"predecessor-version":[{"id":328,"href":"http:\/\/www.nidelius.com\/index.php?rest_route=\/wp\/v2\/pages\/21\/revisions\/328"}],"wp:attachment":[{"href":"http:\/\/www.nidelius.com\/index.php?rest_route=%2Fwp%2Fv2%2Fmedia&parent=21"}],"curies":[{"name":"wp","href":"https:\/\/api.w.org\/{rel}","templated":true}]}}