{"id":146,"date":"2012-12-01T23:11:24","date_gmt":"2012-12-01T21:11:24","guid":{"rendered":"http:\/\/server1.nidelius.com\/?page_id=146"},"modified":"2021-05-25T20:17:14","modified_gmt":"2021-05-25T19:17:14","slug":"kontakt-dk","status":"publish","type":"page","link":"http:\/\/www.nidelius.com\/?page_id=146&lang=da","title":{"rendered":"Kontakt"},"content":{"rendered":"<p>&nbsp;<\/p>\n<p>Kontakt: Barbro Nidelius<br \/>\nMob: +46705486270<br \/>\nE-mail: <a href=\"javascript:DeCryptX('1c3d1s2d2t2q0.3q0i3g3h1m1j0u0s3C1h3p2c3l0l0.1d3r3p')\">&#98;&#97;&#114;bro&#46;n&#105;&#100;&#101;l&#105;&#117;&#115;&#64;&#103;&#109;a&#105;l.&#99;&#111;m<\/a><\/p>\n<table style=\"border-color: FF0000; border-width: 5px;\" border=\"0\" cellpadding=\"7\">\n<tbody>\n<tr>\n<th><strong>Bes\u00f8g\u00a0adresse<\/strong><\/th>\n<th><strong>Postadresse<\/strong><\/th>\n<\/tr>\n<tr>\n<td>B\u00f6skestorpsv\u00e4gen 104<br \/>\n269 92 B\u00c5STAD<br \/>\nSWEDEN<\/td>\n<td>Hindb\u00e4rsv\u00e4gen 14<br \/>\n269 35 B\u00c5STAD<br \/>\nSWEDEN<\/td>\n<\/tr>\n<\/tbody>\n<\/table>\n<div>\n<iframe loading=\"lazy\" width=\"640\" height=\"480\" frameborder=\"0\" scrolling=\"no\" marginheight=\"0\" marginwidth=\"0\" src=\"https:\/\/maps.google.se\/maps?f=q&amp;source=s_q&amp;hl=en&amp;geocode=&amp;q=B%C3%B6skestorpsv%C3%A4gen+116,+B%C3%A5stad&amp;aq=0&amp;oq=B%C3%B6skestorpsv%C3%A4gen+116,+B%C3%A5stad&amp;sll=56.384707,12.818817&amp;sspn=0.008446,0.022724&amp;t=h&amp;g=B%C3%B6skestorpsv%C3%A4gen+104,+B%C3%A5stad&amp;ie=UTF8&amp;hq=&amp;hnear=B%C3%B6skestorpsv%C3%A4gen+116,+269+92+B%C3%A5stad&amp;ll=56.409343,12.828598&amp;spn=0.182348,0.439453&amp;z=11&amp;iwloc=A&amp;output=embed\"><\/iframe><br \/><small><a href=\"https:\/\/maps.google.se\/maps?f=q&amp;source=embed&amp;hl=en&amp;geocode=&amp;q=B%C3%B6skestorpsv%C3%A4gen+116,+B%C3%A5stad&amp;aq=0&amp;oq=B%C3%B6skestorpsv%C3%A4gen+116,+B%C3%A5stad&amp;sll=56.384707,12.818817&amp;sspn=0.008446,0.022724&amp;t=h&amp;g=B%C3%B6skestorpsv%C3%A4gen+104,+B%C3%A5stad&amp;ie=UTF8&amp;hq=&amp;hnear=B%C3%B6skestorpsv%C3%A4gen+116,+269+92+B%C3%A5stad&amp;ll=56.409343,12.828598&amp;spn=0.182348,0.439453&amp;z=11&amp;iwloc=A\" style=\"color:#0000FF;text-align:left\">View Larger Map<\/a><\/small>\n<\/div>\n<p>Retninger:<br \/>\nTag E6 mod B\u00e5stad. \u00c9n gang i B\u00e5stad f\u00f8lg skiltene til \u00c4ngelholm \/ F\u00f6rsl\u00f6v p\u00e5 gamle \u00c4ngelholmsv\u00e4gen. Forts\u00e6t over jernbanen krydser op h\u00f8jderyggen, ned h\u00f8jderyggen og over en viadukt. Drej til venstre mod B\u00f6skestorp og ferie symbol. K\u00f8r omkring 1 km p\u00e5 denne vej, hytterne er placeret p\u00e5 h\u00f8jre side.<\/p>\n<p>K\u00f8r fra \u00c4ngelholm til Torekov rundk\u00f8rslen ved \u00c5kag\u00e5rdens GK k\u00f8rer mod F\u00f6rsl\u00f6v, f\u00f8rste vej til venstre mod B\u00e5stad, drej til h\u00f8jre ved den anden vej B\u00f6skestorp og ferie symbol. K\u00f8r omkring 1 km p\u00e5 denne vej, hytterne er placeret p\u00e5 h\u00f8jre side.<\/p>\n<p><strong><br \/>\n<\/strong><\/p>\n","protected":false},"excerpt":{"rendered":"<p>&nbsp; Kontakt: Barbro Nidelius Mob: +46705486270 E-mail: &#98;a&#114;bro.nid&#101;lius&#64;&#103;m&#97;&#105;&#108;&#46;co&#109; Bes\u00f8g\u00a0adresse Postadresse B\u00f6skestorpsv\u00e4gen 104 269 92 B\u00c5STAD SWEDEN Hindb\u00e4rsv\u00e4gen 14 269 35 B\u00c5STAD SWEDEN View Larger Map Retninger: Tag E6 mod B\u00e5stad. \u00c9n gang i B\u00e5stad f\u00f8lg skiltene til \u00c4ngelholm \/ F\u00f6rsl\u00f6v p\u00e5 gamle \u00c4ngelholmsv\u00e4gen. Forts\u00e6t over jernbanen krydser op h\u00f8jderyggen, ned h\u00f8jderyggen og over en viadukt. Drej til venstre mod B\u00f6skestorp og ferie symbol. K\u00f8r omkring 1 km p\u00e5 denne vej, hytterne er placeret p\u00e5 h\u00f8jre side. K\u00f8r fra \u00c4ngelholm til Torekov rundk\u00f8rslen ved \u00c5kag\u00e5rdens GK k\u00f8rer mod F\u00f6rsl\u00f6v, f\u00f8rste vej til venstre mod B\u00e5stad, drej til h\u00f8jre ved den anden vej B\u00f6skestorp og ferie symbol. K\u00f8r omkring 1 km p\u00e5 denne vej, hytterne er placeret p\u00e5 h\u00f8jre side.<\/p>\n","protected":false},"author":1,"featured_media":0,"parent":0,"menu_order":0,"comment_status":"closed","ping_status":"open","template":"","meta":[],"_links":{"self":[{"href":"http:\/\/www.nidelius.com\/index.php?rest_route=\/wp\/v2\/pages\/146"}],"collection":[{"href":"http:\/\/www.nidelius.com\/index.php?rest_route=\/wp\/v2\/pages"}],"about":[{"href":"http:\/\/www.nidelius.com\/index.php?rest_route=\/wp\/v2\/types\/page"}],"author":[{"embeddable":true,"href":"http:\/\/www.nidelius.com\/index.php?rest_route=\/wp\/v2\/users\/1"}],"replies":[{"embeddable":true,"href":"http:\/\/www.nidelius.com\/index.php?rest_route=%2Fwp%2Fv2%2Fcomments&post=146"}],"version-history":[{"count":5,"href":"http:\/\/www.nidelius.com\/index.php?rest_route=\/wp\/v2\/pages\/146\/revisions"}],"predecessor-version":[{"id":331,"href":"http:\/\/www.nidelius.com\/index.php?rest_route=\/wp\/v2\/pages\/146\/revisions\/331"}],"wp:attachment":[{"href":"http:\/\/www.nidelius.com\/index.php?rest_route=%2Fwp%2Fv2%2Fmedia&parent=146"}],"curies":[{"name":"wp","href":"https:\/\/api.w.org\/{rel}","templated":true}]}}