{"id":139,"date":"2012-12-01T22:53:39","date_gmt":"2012-12-01T20:53:39","guid":{"rendered":"http:\/\/server1.nidelius.com\/?page_id=139"},"modified":"2024-08-08T08:19:40","modified_gmt":"2024-08-08T07:19:40","slug":"information-dk","status":"publish","type":"page","link":"http:\/\/www.nidelius.com\/?page_id=139&lang=da","title":{"rendered":"Information"},"content":{"rendered":"<p><strong>B\u00f6skestorps hytter<\/strong><\/p>\n<p>er en lille venlige ferieby best\u00e5ende af fire hytter placeret p\u00e5 Hallands\u00e5sen skr\u00e5ning med en smuk udsigt over havet.<\/p>\n<p>B\u00f6skestorps hytter er din ideelle sommer og vinter indkvartering!\u00a0Vores anl\u00e6g er \u00e5bent \u00e5ret rundt!<\/p>\n<p>Hytterne er 37 kvm, 2\u00a0sovev\u00e6relse og k\u00f8kken. Sovev\u00e6relset har to enkeltsenge, en k\u00f8jeseng og i stuen er en sovesofa til 2 personer. Hver hytte har et TV, bruser og toilet. K\u00f8kkenet er udstyret med komfur, ovn, k\u00f8leskab \/ fryser, kaffemaskine, og forskellige redskaber. Alle hytter er handicap venlige. St\u00f8der op til sommerhuset er ogs\u00e5 en vaskemaskine, t\u00f8rretumbler og havegrill hvis det \u00f8nskes.<\/p>\n<p>Lige uden for d\u00f8ren ved <a href=\"https:\/\/skaneleden.se\/\">Sk\u00e5neleden<\/a> med de store vidder med natur og som ferie g\u00e6st kan du n\u00e6ppe f\u00e5 meget t\u00e6ttere p\u00e5 naturen end dette. Her vil du opleve den s\u00e6rlige atmosf\u00e6re, der kendetegner og adskiller milj\u00f8et i omr\u00e5det.<br \/>\n<span class=\"jCAhz ChMk0b\"><span class=\"ryNqvb\">I n\u00e6rheden er der bl.a.<\/span><\/span> <span class=\"jCAhz ChMk0b\"><span class=\"ryNqvb\">mountainbike-, adventure- og skifaciliteter<\/span><\/span>, <a href=\"https:\/\/vallasen.se\/\">Vall\u00e5sen <\/a>og <a href=\"https:\/\/kungsbygget.com\/\">Kungsbygget<\/a> ogs\u00e5 k\u00e6lkspor om sommeren.<br \/>\nAt anbefale en vidunderlig sommer udflugt med b\u00e5d fra havnen i Torekov over til Hallandsv\u00e4der\u00f6, hvilket er en velkendt naturreservat.<\/p>\n<p><strong>Rutevejledning kan findes under\u00a0<a title=\"Kontakt\" href=\"http:\/\/server1.nidelius.com\/sv\/kontakt\/\">Kontakt<\/a><\/strong><\/p>\n<table>\n<tbody>\n<tr>\n<th colspan=\"2\">\n<h3>Hvis golf er af interesse?<\/h3>\n<\/th>\n<\/tr>\n<tr>\n<td>De n\u00e6rmeste golfbaner indenfor det samfund<br \/>\nvil\u00a0du finde omkring 5-9 km v\u00e6k:<\/p>\n<ul>\n<li><a href=\"http:\/\/www.bgk.se\/\" target=\"_blank\" rel=\"noopener\">B\u00e5stad GK<\/a><\/li>\n<li><a href=\"http:\/\/www.akgk.se\/\" target=\"_blank\" rel=\"noopener\">\u00c5kag\u00e5rdens GK<\/a><\/li>\n<li><a href=\"http:\/\/www.bjaregolfklubb.se\/\" target=\"_blank\" rel=\"noopener\">Bj\u00e4re GK<\/a><\/li>\n<li><a href=\"http:\/\/www.golf.se\/golfklubbar\/sonnertorpsgk\/\" target=\"_blank\" rel=\"noopener\">S\u00f6nnertorps GK<\/a><\/li>\n<\/ul>\n<p>L\u00e6ngere v\u00e6k i B\u00e5stad Kommune<br \/>\nomkring 14 km, Torekov:<\/p>\n<ul>\n<li><a href=\"http:\/\/www.togk.se\/extra\/pod\/\" target=\"_blank\" rel=\"noopener\">Torekovs GK<\/a><\/li>\n<li><a href=\"http:\/\/www.appelgarden.se\/\" target=\"_blank\" rel=\"noopener\">\u00c4ppelg\u00e5rdens GK<\/a><\/li>\n<\/ul>\n<div>Nabolande Kommuner 18 km &#8211; 40 km,<br \/>\n\u00c4ngelholm, Laholm, H\u00f6gan\u00e4s:<\/div>\n<ul>\n<li><a href=\"http:\/\/www.angelholmsgk.se\/extra\/pod\/\" target=\"_blank\" rel=\"noopener\">\u00c4ngelholms GK<\/a><\/li>\n<li><a title=\"Skogaby Golfklubb\" href=\"http:\/\/www.skogabygk.se\">Skogaby GK<\/a><\/li>\n<li><a title=\"Laholms GK\" href=\"http:\/\/www.laholmsgk.se\/\">Laholms GK<\/a><\/li>\n<li><a title=\"S:t Arilds Golfklubb\" href=\"http:\/\/www.starild.se\">S:t Arilds GK<\/a><\/li>\n<li><a title=\"Allerum Golfklubb\" href=\"http:\/\/www.allerumgk.nu\/\">Allerums GK<\/a><\/li>\n<li><a title=\"Lydinge Golfklubb\" href=\"http:\/\/www.lydingegk.se\/\">Lydinge GK<\/a><\/li>\n<\/ul>\n<\/td>\n<td><iframe loading=\"lazy\" src=\"https:\/\/maps.google.se\/maps\/ms?msa=0&amp;msid=214238738941205891642.0004ce886727e5e8a7e37&amp;hl=sv&amp;ie=UTF8&amp;t=m&amp;source=embed&amp;ll=56.529199,12.843018&amp;spn=0.530173,1.098633&amp;z=9&amp;iwloc=0004ce88714e0386a715e&amp;output=embed\" width=\"400\" height=\"350\" frameborder=\"0\" marginwidth=\"0\" marginheight=\"0\" scrolling=\"no\"><\/iframe><br \/>\n<small><a style=\"color: #000000; text-align: left;\" href=\"https:\/\/maps.google.se\/maps\/ms?msa=0&amp;msid=214238738941205891642.0004ce886727e5e8a7e37&amp;hl=sv&amp;ie=UTF8&amp;t=m&amp;source=embed&amp;ll=56.529199,12.843018&amp;spn=0.530173,1.098633&amp;z=9&amp;iwloc=0004ce88714e0386a715e\">Vis golfbaner t\u00e6t B\u00f6skestorp hytter p\u00e5 et st\u00f8rre kort<\/a> <\/small><\/td>\n<\/tr>\n<\/tbody>\n<\/table>\n<p><strong>\u00a0<\/strong><\/p>\n","protected":false},"excerpt":{"rendered":"<p>B\u00f6skestorps hytter er en lille venlige ferieby best\u00e5ende af fire hytter placeret p\u00e5 Hallands\u00e5sen skr\u00e5ning med en smuk udsigt over havet. B\u00f6skestorps hytter er din ideelle sommer og vinter indkvartering!\u00a0Vores anl\u00e6g er \u00e5bent \u00e5ret rundt! Hytterne er 37 kvm, 2\u00a0sovev\u00e6relse og k\u00f8kken. Sovev\u00e6relset har to enkeltsenge, en k\u00f8jeseng og i stuen er en sovesofa til 2 personer. Hver hytte har et TV, bruser og toilet. K\u00f8kkenet er udstyret med komfur, ovn, k\u00f8leskab \/ fryser, kaffemaskine, og forskellige redskaber. Alle hytter er handicap venlige. St\u00f8der op til sommerhuset er ogs\u00e5 en vaskemaskine, t\u00f8rretumbler og havegrill hvis det \u00f8nskes. Lige uden for d\u00f8ren ved Sk\u00e5neleden med de store vidder med natur og som ferie g\u00e6st kan du n\u00e6ppe f\u00e5 meget t\u00e6ttere p\u00e5 naturen end dette. Her vil du opleve den s\u00e6rlige atmosf\u00e6re, der kendetegner og adskiller milj\u00f8et i omr\u00e5det. I n\u00e6rheden er der bl.a. mountainbike-, adventure- og skifaciliteter, Vall\u00e5sen og Kungsbygget ogs\u00e5 k\u00e6lkspor om sommeren. At anbefale en vidunderlig sommer udflugt med b\u00e5d fra havnen i Torekov over til Hallandsv\u00e4der\u00f6, hvilket er en velkendt naturreservat. Rutevejledning kan findes under\u00a0Kontakt Hvis golf er af interesse? De n\u00e6rmeste golfbaner indenfor det samfund vil\u00a0du finde omkring 5-9 km v\u00e6k: B\u00e5stad GK \u00c5kag\u00e5rdens GK Bj\u00e4re GK S\u00f6nnertorps GK L\u00e6ngere v\u00e6k i B\u00e5stad Kommune omkring 14 km, Torekov: Torekovs GK \u00c4ppelg\u00e5rdens GK Nabolande Kommuner 18 km &#8211; 40 km, \u00c4ngelholm, Laholm, H\u00f6gan\u00e4s: \u00c4ngelholms GK Skogaby GK Laholms GK S:t Arilds GK Allerums GK Lydinge GK Vis golfbaner t\u00e6t B\u00f6skestorp hytter p\u00e5 et st\u00f8rre kort \u00a0<\/p>\n","protected":false},"author":1,"featured_media":0,"parent":0,"menu_order":0,"comment_status":"open","ping_status":"open","template":"","meta":[],"_links":{"self":[{"href":"http:\/\/www.nidelius.com\/index.php?rest_route=\/wp\/v2\/pages\/139"}],"collection":[{"href":"http:\/\/www.nidelius.com\/index.php?rest_route=\/wp\/v2\/pages"}],"about":[{"href":"http:\/\/www.nidelius.com\/index.php?rest_route=\/wp\/v2\/types\/page"}],"author":[{"embeddable":true,"href":"http:\/\/www.nidelius.com\/index.php?rest_route=\/wp\/v2\/users\/1"}],"replies":[{"embeddable":true,"href":"http:\/\/www.nidelius.com\/index.php?rest_route=%2Fwp%2Fv2%2Fcomments&post=139"}],"version-history":[{"count":6,"href":"http:\/\/www.nidelius.com\/index.php?rest_route=\/wp\/v2\/pages\/139\/revisions"}],"predecessor-version":[{"id":371,"href":"http:\/\/www.nidelius.com\/index.php?rest_route=\/wp\/v2\/pages\/139\/revisions\/371"}],"wp:attachment":[{"href":"http:\/\/www.nidelius.com\/index.php?rest_route=%2Fwp%2Fv2%2Fmedia&parent=139"}],"curies":[{"name":"wp","href":"https:\/\/api.w.org\/{rel}","templated":true}]}}